{"id":13573,"date":"2015-04-07T16:06:46","date_gmt":"2015-04-07T16:06:46","guid":{"rendered":"http:\/\/www.bistroguggenheimbilbao.com\/?page_id=13573"},"modified":"2023-04-24T14:51:16","modified_gmt":"2023-04-24T14:51:16","slug":"bistro-parallax","status":"publish","type":"page","link":"https:\/\/bistroguggenheimbilbao.com\/fr\/","title":{"rendered":"Home"},"content":{"rendered":"<div class=\"fusion-fullwidth fullwidth-box fusion-fullwidth-1  fusion-parallax-none\" style=\"border-color:#eae9e9;border-bottom-width: 0px;border-top-width: 0px;border-bottom-style: solid;border-top-style: solid;padding-bottom:100px;padding-left:0px;padding-right:0px;padding-top:100px;background-position:left top;background-repeat:no-repeat;-webkit-background-size:cover;-moz-background-size:cover;-o-background-size:cover;background-size:cover;\"><style type=\"text\/css\" scoped=\"scoped\">.fusion-fullwidth-1 {\n\t\t\t\t\t\t\tpadding-left: 0px !important;\n\t\t\t\t\t\t\tpadding-right: 0px !important;\n\t\t\t\t\t\t}<\/style><div class=\"fusion-row\"><div class=\"fusion-one-half fusion-layout-column fusion-spacing-yes\" style=\"margin-top:0px;margin-bottom:20px;\"><div class=\"fusion-column-wrapper\"><div class=\"fusion-slider-sc flexslider\" style=\"max-width:100%;height:100%;\"><ul class=\"slides\"><li class=\"image\"><img src=\"https:\/\/bistroguggenheimbilbao.com\/wp-content\/uploads\/2015\/04\/IMG_8275-Large.jpg\" \/><\/li><li class=\"image\"><img src=\"https:\/\/bistroguggenheimbilbao.com\/wp-content\/uploads\/2015\/04\/Endivia-braseada-quinoa-y-crema-de-cebolleta-Medium.jpg\" \/><\/li><li class=\"image\"><img src=\"https:\/\/bistroguggenheimbilbao.com\/wp-content\/uploads\/2022\/06\/IMG_8383.jpg\" \/><\/li><li class=\"image\"><img src=\"https:\/\/bistroguggenheimbilbao.com\/wp-content\/uploads\/2015\/04\/Bacalao-ajoarriero-\u00d3scar-Oliva.jpg\" \/><\/li><li class=\"image\"><img src=\"https:\/\/bistroguggenheimbilbao.com\/wp-content\/uploads\/2015\/04\/Alb\u00f3ndigas-de-cerdo-ib\u00e9rico-crema-de-coliflor-y-aceituna-negra.jpg\" \/><\/li><li class=\"image\"><img src=\"https:\/\/bistroguggenheimbilbao.com\/wp-content\/uploads\/2015\/04\/WhatsApp-Image-2020-09-28-at-17.11.43.jpeg\" \/><\/li><\/ul><\/div><\/div><\/div><div class=\"fusion-one-half fusion-layout-column fusion-column-last fusion-spacing-yes\" style=\"margin-top:0px;margin-bottom:20px;\"><div class=\"fusion-column-wrapper\"><h1>Bienvenus<\/h1>\n<p align=\"JUSTIFY\"><span style=\"font-family: 'Century Gothic BRegular'; font-size: 12pt;\"><span style=\"font-family: 'Century Gothic Bold';\">Bistr\u00f3 Guggenheim Bilbao<\/span> met en valeur un style de cuisine libre, li\u00e9e aux racines, au souvenir de ces plats qui font partie d&rsquo;une culture et qui doivent \u00eatre adapt\u00e9s \u00e0 un contexte d&rsquo;avant-garde, sans perdre en saveurs ou en textures. <\/span><\/p>\n<p align=\"JUSTIFY\"><span style=\"font-family: 'Century Gothic BRegular'; font-size: 12pt;\">Les recettes et les sauces anciennes sont la base de notre travail, mais raffin\u00e9s, \u00e9volu\u00e9es et adapt\u00e9es au grand public, qui cherche une cuisine savoureuse, saine et une exp\u00e9rience gastronomique informelle.<\/span><\/p>\n<\/div><\/div><div class=\"fusion-clearfix\"><\/div><\/div><\/div><div class=\"fusion-fullwidth fullwidth-box fusion-fullwidth-2  fusion-parallax-fixed\" style=\"border-color:#eae9e9;border-bottom-width: 0px;border-top-width: 0px;border-bottom-style: solid;border-top-style: solid;padding-bottom:200px;padding-left:0px;padding-right:0px;padding-top:200px;background-attachment:fixed;background-position:left top;background-repeat:no-repeat;-webkit-background-size:cover;-moz-background-size:cover;-o-background-size:cover;background-size:cover;-ms-filter: &quot;progid:DXImageTransform.Microsoft.AlphaImageLoader(src=&#039;https:\/\/bistroguggenheimbilbao.com\/wp-content\/uploads\/2015\/04\/Bistro_parallax2.jpg&#039;, sizingMethod=&#039;scale&#039;)&quot;;background-image: url(https:\/\/bistroguggenheimbilbao.com\/wp-content\/uploads\/2015\/04\/Bistro_parallax2.jpg);\"><style type=\"text\/css\" scoped=\"scoped\">.fusion-fullwidth-2 {\n\t\t\t\t\t\t\tpadding-left: 0px !important;\n\t\t\t\t\t\t\tpadding-right: 0px !important;\n\t\t\t\t\t\t}<\/style><div class=\"fusion-row\"><div class=\"fusion-one-full fusion-layout-column fusion-column-last fusion-spacing-yes\" style=\"margin-top:0px;margin-bottom:20px;\"><div class=\"fusion-column-wrapper fusion-animated\" data-animationType=\"fadeInUp\" data-animationDuration=\"0.7\"><h1 style=\"text-align: center;\"><strong><span style=\"color: #ffffff; font-size: 36pt;\">D\u00e9couvrez les nuits au <\/span><\/strong><\/h1>\n<h1 style=\"text-align: center;\"><strong><span style=\"color: #ffffff; font-size: 36pt;\">Bistro Guggenheim Bilbao<\/span><\/strong><\/h1>\n<\/div><\/div><div class=\"fusion-clearfix\"><\/div><\/div><\/div><div class=\"fusion-fullwidth fullwidth-box fusion-fullwidth-3  fusion-parallax-none\" style=\"border-color:#eae9e9;border-bottom-width: 0px;border-top-width: 0px;border-bottom-style: solid;border-top-style: solid;padding-bottom:150px;padding-left:0px;padding-right:0px;padding-top:150px;background-position:left top;background-repeat:no-repeat;-webkit-background-size:cover;-moz-background-size:cover;-o-background-size:cover;background-size:cover;\"><style type=\"text\/css\" scoped=\"scoped\">.fusion-fullwidth-3 {\n\t\t\t\t\t\t\tpadding-left: 0px !important;\n\t\t\t\t\t\t\tpadding-right: 0px !important;\n\t\t\t\t\t\t}<\/style><div class=\"fusion-row\"><div class=\"fusion-one-half fusion-layout-column fusion-spacing-yes\" style=\"margin-top:0px;margin-bottom:20px;\"><div class=\"fusion-column-wrapper\"><span class=\"fusion-imageframe imageframe-none imageframe-1\"> <img decoding=\"async\" src=\"https:\/\/bistroguggenheimbilbao.com\/wp-content\/uploads\/2017\/06\/51C7549b.jpg\" alt=\"\" class=\"img-responsive\"\/><\/span><\/div><\/div><div class=\"fusion-one-half fusion-layout-column fusion-column-last fusion-spacing-yes\" style=\"margin-top:0px;margin-bottom:20px;\"><div class=\"fusion-column-wrapper\" style=\"padding:20;\"><h1>Notre terrasse exclusive<\/h1>\n<p><span style=\"font-family: 'Century Gothic BRegular';\">Nous vous offrons un apr\u00e8s-repas unique \u00e0 Bilbao avec notre terrasse exclusive entour\u00e9e de titane\u00a0; profitez dans un environnement unique au monde.<\/span><\/p>\n<\/div><\/div><div class=\"fusion-clearfix\"><\/div><\/div><\/div>\n","protected":false},"excerpt":{"rendered":"","protected":false},"author":2,"featured_media":0,"parent":0,"menu_order":0,"comment_status":"open","ping_status":"closed","template":"100-width.php","meta":[],"_links":{"self":[{"href":"https:\/\/bistroguggenheimbilbao.com\/fr\/wp-json\/wp\/v2\/pages\/13573"}],"collection":[{"href":"https:\/\/bistroguggenheimbilbao.com\/fr\/wp-json\/wp\/v2\/pages"}],"about":[{"href":"https:\/\/bistroguggenheimbilbao.com\/fr\/wp-json\/wp\/v2\/types\/page"}],"author":[{"embeddable":true,"href":"https:\/\/bistroguggenheimbilbao.com\/fr\/wp-json\/wp\/v2\/users\/2"}],"replies":[{"embeddable":true,"href":"https:\/\/bistroguggenheimbilbao.com\/fr\/wp-json\/wp\/v2\/comments?post=13573"}],"version-history":[{"count":112,"href":"https:\/\/bistroguggenheimbilbao.com\/fr\/wp-json\/wp\/v2\/pages\/13573\/revisions"}],"predecessor-version":[{"id":16134,"href":"https:\/\/bistroguggenheimbilbao.com\/fr\/wp-json\/wp\/v2\/pages\/13573\/revisions\/16134"}],"wp:attachment":[{"href":"https:\/\/bistroguggenheimbilbao.com\/fr\/wp-json\/wp\/v2\/media?parent=13573"}],"curies":[{"name":"wp","href":"https:\/\/api.w.org\/{rel}","templated":true}]}}