{"id":14734,"date":"2015-04-07T18:22:56","date_gmt":"2015-04-07T18:22:56","guid":{"rendered":"http:\/\/www.bistroguggenheimbilbao.com\/?page_id=14734"},"modified":"2026-04-23T12:16:15","modified_gmt":"2026-04-23T12:16:15","slug":"bistro-carte","status":"publish","type":"page","link":"https:\/\/bistroguggenheimbilbao.com\/fr\/bistro-carte\/","title":{"rendered":"Carte"},"content":{"rendered":"<div class=\"fusion-fullwidth fullwidth-box fusion-fullwidth-1  fusion-parallax-none\" style=\"border-color:#eae9e9;border-bottom-width: 0px;border-top-width: 0px;border-bottom-style: solid;border-top-style: solid;padding-bottom:20px;padding-left:0px;padding-right:0px;padding-top:0px;background-position:left top;background-repeat:no-repeat;-webkit-background-size:cover;-moz-background-size:cover;-o-background-size:cover;background-size:cover;\"><style type=\"text\/css\" scoped=\"scoped\">.fusion-fullwidth-1 {\n\t\t\t\t\t\t\tpadding-left: 0px !important;\n\t\t\t\t\t\t\tpadding-right: 0px !important;\n\t\t\t\t\t\t}<\/style><div class=\"fusion-row\"><div class=\"fusion-sep-clear\"><\/div><div class=\"fusion-separator fusion-full-width-sep sep-none\" style=\"border-color:#e0dede;margin-left: auto;margin-right: auto;margin-top:px;margin-bottom:80px;\"><\/div><div class=\"fusion-one-sixth fusion-layout-column fusion-spacing-yes\" style=\"margin-top:0px;margin-bottom:20px;\"><div class=\"fusion-column-wrapper\"><\/div><\/div><div class=\"fusion-two-third fusion-layout-column fusion-spacing-yes\" style=\"margin-top:0px;margin-bottom:20px;\"><div class=\"fusion-column-wrapper\"><div class=\"fusion-button-wrapper\"><style type=\"text\/css\" scoped=\"scoped\">.fusion-button.button-1{border-width:1px;color:#ffffff;border-color:#ffffff;}.fusion-button.button-1:hover,.fusion-button.button-1:focus,.fusion-button.button-1:active{border-width:1px;border-color:#ffffff;color:#ffffff;}.fusion-button.button-1{background: #d6d6d6;}.fusion-button.button-1:hover,.button-1:focus,.fusion-button.button-1:active{background: #cd032e;}<\/style><a class=\"fusion-button button-flat button-round button-large button-default button-1\" target=\"_self\" href=\"#lacarta\"><span class=\"fusion-button-text\">Carte<\/span><\/a><\/div><div class=\"fusion-button-wrapper\"><style type=\"text\/css\" scoped=\"scoped\">.fusion-button.button-2{border-width:1px;color:#ffffff;border-color:#ffffff;}.fusion-button.button-2:hover,.fusion-button.button-2:focus,.fusion-button.button-2:active{border-width:1px;border-color:#ffffff;color:#ffffff;}.fusion-button.button-2{background: #d6d6d6;}.fusion-button.button-2:hover,.button-2:focus,.fusion-button.button-2:active{background: #cd032e;}<\/style><a class=\"fusion-button button-flat button-round button-large button-default button-2\" target=\"_self\" href=\"#degustacion\"><span class=\"fusion-button-text\">menu d\u00e9gustation<\/span><\/a><\/div><div class=\"fusion-button-wrapper\"><style type=\"text\/css\" scoped=\"scoped\">.fusion-button.button-3{border-width:1px;color:#ffffff;border-color:#ffffff;}.fusion-button.button-3:hover,.fusion-button.button-3:focus,.fusion-button.button-3:active{border-width:1px;border-color:#ffffff;color:#ffffff;}.fusion-button.button-3{background: #d6d6d6;}.fusion-button.button-3:hover,.button-3:focus,.fusion-button.button-3:active{background: #cd032e;}<\/style><a class=\"fusion-button button-flat button-round button-large button-default button-3\" target=\"_self\" href=\"#express\"><span class=\"fusion-button-text\">d\u00e9jeuner express<\/span><\/a><\/div><\/div><\/div><div class=\"fusion-one-sixth fusion-layout-column fusion-column-last fusion-spacing-yes\" style=\"margin-top:0px;margin-bottom:20px;\"><div class=\"fusion-column-wrapper\"><\/div><\/div><div class=\"fusion-clearfix\"><\/div><div class=\"fusion-one-sixth fusion-layout-column fusion-spacing-yes\" style=\"margin-top:0px;margin-bottom:20px;\"><div class=\"fusion-column-wrapper\"><\/div><\/div><div class=\"fusion-two-third fusion-layout-column fusion-spacing-no\" style=\"margin-top:0px;margin-bottom:20px;\"><div class=\"fusion-column-wrapper\"><div class=\"fusion-sep-clear\"><\/div><div class=\"fusion-separator fusion-full-width-sep sep-none\" style=\"border-color:#e0dede;margin-left: auto;margin-right: auto;margin-top:px;margin-bottom:30px;\"><\/div><p class=\"p1\"><i>**<\/i><i>Nous proposons un menu enfant et adaptons nos assiettes aux personnes \u00e9tant v\u00e9g\u00e9tariennes, allergiques ou coeliaques.<\/i><\/p>\n<div class=\"fusion-sep-clear\"><\/div><div class=\"fusion-separator fusion-full-width-sep sep-none\" style=\"border-color:#e0dede;margin-left: auto;margin-right: auto;margin-top:px;margin-bottom:30px;\"><\/div><\/div><\/div><div class=\"fusion-one-sixth fusion-layout-column fusion-column-last fusion-spacing-yes\" style=\"margin-top:0px;margin-bottom:20px;\"><div class=\"fusion-column-wrapper\"><\/div><\/div><div class=\"fusion-clearfix\"><\/div><div class=\"fusion-sep-clear\"><\/div><div class=\"fusion-separator fusion-full-width-sep sep-none\" style=\"border-color:#e0dede;margin-left: auto;margin-right: auto;margin-top:px;margin-bottom:40px;\"><\/div><\/div><\/div><div class=\"fusion-fullwidth fullwidth-box fusion-fullwidth-2  fusion-parallax-none\" style=\"border-color:#eae9e9;border-bottom-width: 0px;border-top-width: 0px;border-bottom-style: solid;border-top-style: solid;padding-bottom:20px;padding-left:0px;padding-right:0px;padding-top:20px;background-position:left top;background-repeat:no-repeat;-webkit-background-size:cover;-moz-background-size:cover;-o-background-size:cover;background-size:cover;\"><style type=\"text\/css\" scoped=\"scoped\">.fusion-fullwidth-2 {\n\t\t\t\t\t\t\tpadding-left: 0px !important;\n\t\t\t\t\t\t\tpadding-right: 0px !important;\n\t\t\t\t\t\t}<\/style><div class=\"fusion-row\"><div class=\"fusion-menu-anchor\" id=\"lacarta\"><\/div><\/div><\/div><div class=\"fusion-fullwidth fullwidth-box fusion-fullwidth-3  fusion-parallax-fixed\" style=\"border-color:#eae9e9;border-bottom-width: 0px;border-top-width: 0px;border-bottom-style: solid;border-top-style: solid;padding-bottom:50px;padding-left:0px;padding-right:0px;padding-top:50px;background-attachment:fixed;background-position:center center;background-repeat:no-repeat;-webkit-background-size:cover;-moz-background-size:cover;-o-background-size:cover;background-size:cover;-ms-filter: &quot;progid:DXImageTransform.Microsoft.AlphaImageLoader(src=&#039;https:\/\/bistroguggenheimbilbao.com\/wp-content\/uploads\/2015\/04\/Endivia-braseada-quinoa-y-crema-de-cebolleta-Medium.jpg&#039;, sizingMethod=&#039;scale&#039;)&quot;;background-image: url(https:\/\/bistroguggenheimbilbao.com\/wp-content\/uploads\/2015\/04\/Endivia-braseada-quinoa-y-crema-de-cebolleta-Medium.jpg);\"><style type=\"text\/css\" scoped=\"scoped\">.fusion-fullwidth-3 {\n\t\t\t\t\t\t\tpadding-left: 0px !important;\n\t\t\t\t\t\t\tpadding-right: 0px !important;\n\t\t\t\t\t\t}<\/style><div class=\"fusion-row\"><div class=\"fusion-one-full fusion-layout-column fusion-column-last fusion-spacing-yes\" style=\"margin-top:20px;margin-bottom:20px;\"><div class=\"fusion-column-wrapper fusion-animated\" data-animationType=\"fadeInDown\" data-animationDuration=\"0.5\"><div class=\"fusion-column-table\"><div class=\"fusion-column-tablecell\"><div class=\"menutitlescolor\" style=\"text-align: center;\"><span style=\"font-family: 'Century Gothic Bold'; font-size: 36pt; color: #ffffff; text-shadow: 0px 1px 4px #000;\">carte<\/span><\/div>\n<\/div><\/div><\/div><\/div><div class=\"fusion-clearfix\"><\/div><\/div><\/div><div class=\"fusion-fullwidth fullwidth-box fusion-fullwidth-4  fusion-parallax-none\" style=\"border-color:#eae9e9;border-bottom-width: 0px;border-top-width: 0px;border-bottom-style: solid;border-top-style: solid;padding-bottom:20px;padding-left:0px;padding-right:0px;padding-top:60px;background-position:left top;background-repeat:no-repeat;-webkit-background-size:cover;-moz-background-size:cover;-o-background-size:cover;background-size:cover;\"><style type=\"text\/css\" scoped=\"scoped\">.fusion-fullwidth-4 {\n\t\t\t\t\t\t\tpadding-left: 0px !important;\n\t\t\t\t\t\t\tpadding-right: 0px !important;\n\t\t\t\t\t\t}<\/style><div class=\"fusion-row\"><div class=\"fusion-sep-clear\"><\/div><div class=\"fusion-separator fusion-full-width-sep sep-none\" style=\"border-color:#e0dede;margin-left: auto;margin-right: auto;margin-top:px;margin-bottom:40px;\"><\/div><div class=\"fusion-one-sixth fusion-layout-column fusion-spacing-yes\" style=\"margin-top:0px;margin-bottom:20px;\"><div class=\"fusion-column-wrapper\"><\/div><\/div><div class=\"fusion-two-third fusion-layout-column fusion-spacing-yes\" style=\"margin-top:0px;margin-bottom:20px;\"><div class=\"fusion-column-wrapper\"><h3 class=\"p1\"><span style=\"font-family: Century Gothic BRegular;\">31,40 \u20ac<\/span><\/h3>\n<p><span style=\"font-family: Century Gothic BRegular;\"><em>Inclut une entr\u00e9e, un plat et un dessert, pain maison et de l&rsquo;eau.<\/em><\/span><\/p>\n<h3><span style=\"font-family: Century Gothic BRegular; font-size: 14pt;\">entr\u00e9es<\/span><\/h3>\n<p><span style=\"font-size: 12pt; font-family: 'Century Gothic BRegular';\"><strong>C\u0153ur<\/strong> <strong>de laitue<\/strong> avec cr\u00e8me d\u2019amandes et escab\u00e8che d\u2019olives <\/span><br \/>\n<span style=\"font-size: 12pt; font-family: 'Century Gothic BRegular';\"><strong>\u0152ufs \u00e0 basse temp\u00e9rature<\/strong> et jus de poivron r\u00f4ti <\/span><br \/>\n<span style=\"font-size: 12pt; font-family: 'Century Gothic BRegular';\"><strong>Gaspacho<\/strong> avec vinaigrette de l\u00e9gumes et jambon <\/span><br \/>\n<span style=\"font-size: 12pt; font-family: 'Century Gothic BRegular';\"><strong>Haricots saut\u00e9s<\/strong> au jambon ib\u00e9rique et fromage Ossau-Iraty <\/span><br \/>\n<span style=\"font-size: 12pt; font-family: 'Century Gothic BRegular';\"><strong>Aubergine r\u00f4tie<\/strong>, concass\u00e9 de tomate et hollandaise au Txakoli<\/span><\/p>\n<h3><span style=\"font-family: Century Gothic BRegular; font-size: 14pt;\">plats<\/span><span style=\"font-family: Century Gothic BRegular; font-size: 14pt;\"> principaux<\/span><\/h3>\n<p><span style=\"font-size: 12pt; font-family: 'Century Gothic BRegular';\"><strong>Morue frite<\/strong> \u00e0 la sauce biscayenne<\/span><br \/>\n<span style=\"font-size: 12pt; font-family: 'Century Gothic BRegular';\"><strong>Riz cr\u00e9meux aux chipirons<\/strong> avec petits calmars<\/span><br \/>\n<span style=\"font-size: 12pt; font-family: 'Century Gothic BRegular';\"><strong>Feuillet\u00e9 aux tomates cerises<\/strong>, fromage Idiaz\u00e1bal et basilic <\/span><br \/>\n<span style=\"font-size: 12pt; font-family: 'Century Gothic BRegular';\"><strong>Cannelloni de veau laqu\u00e9<\/strong> avec cr\u00e8me de fenouil <\/span><br \/>\n<span style=\"font-size: 12pt; font-family: 'Century Gothic BRegular';\"><strong>Filet de porc<\/strong> avec cr\u00e8me de carottes<\/span><br \/>\n<span style=\"font-size: 12pt; font-family: 'Century Gothic BRegular';\"><strong>Araign\u00e9e de mer fa\u00e7on Donostiarra<\/strong> avec pur\u00e9e sp\u00e9ciale de pommes de terre (suppl\u00e9ment de 8,50\u20ac) <\/span><br \/>\n<span style=\"font-size: 12pt; font-family: 'Century Gothic BRegular';\"><strong>Merlu grill\u00e9<\/strong> avec sauce verte aux petits pois (suppl\u00e9ment de 6,00\u20ac)<\/span><\/p>\n<h3><span style=\"font-family: Century Gothic BRegular; font-size: 14pt;\">desserts<\/span><\/h3>\n<p><span style=\"font-size: 12pt; font-family: 'Century Gothic BRegular';\"><strong>Baba au rhum<\/strong> avec sabayon \u00e0 la cr\u00e8me et thym citron <\/span><br \/>\n<span style=\"font-size: 12pt; font-family: 'Century Gothic BRegular';\"><strong>Fraises<\/strong> au jus de fruits rouges et mascarpone <\/span><br \/>\n<span style=\"font-size: 12pt; font-family: 'Century Gothic BRegular';\"><strong>Glace au zeste de citron<\/strong> et lait meringu\u00e9<\/span><\/p>\n<p><span style=\"font-size: 12pt; font-family: 'Century Gothic BRegular';\">* Demandez nous pour un verre de vin doux fait maison avec le dessert (3\u20ac)<\/span><\/p>\n<\/div><\/div><div class=\"fusion-one-sixth fusion-layout-column fusion-column-last fusion-spacing-yes\" style=\"margin-top:0px;margin-bottom:20px;\"><div class=\"fusion-column-wrapper\"><\/div><\/div><div class=\"fusion-clearfix\"><\/div><div class=\"fusion-sep-clear\"><\/div><div class=\"fusion-separator fusion-full-width-sep sep-none\" style=\"border-color:#e0dede;margin-left: auto;margin-right: auto;margin-top:px;margin-bottom:40px;\"><\/div><\/div><\/div><div class=\"fusion-fullwidth fullwidth-box fusion-fullwidth-5  fusion-parallax-none\" style=\"border-color:#eae9e9;border-bottom-width: 0px;border-top-width: 0px;border-bottom-style: solid;border-top-style: solid;padding-bottom:20px;padding-left:0px;padding-right:0px;padding-top:20px;background-position:left top;background-repeat:no-repeat;-webkit-background-size:cover;-moz-background-size:cover;-o-background-size:cover;background-size:cover;\"><style type=\"text\/css\" scoped=\"scoped\">.fusion-fullwidth-5 {\n\t\t\t\t\t\t\tpadding-left: 0px !important;\n\t\t\t\t\t\t\tpadding-right: 0px !important;\n\t\t\t\t\t\t}<\/style><div class=\"fusion-row\"><div class=\"fusion-menu-anchor\" id=\"degustacion\"><\/div><\/div><\/div><div class=\"fusion-fullwidth fullwidth-box fusion-fullwidth-6  fusion-parallax-fixed\" style=\"border-color:#eae9e9;border-bottom-width: 0px;border-top-width: 0px;border-bottom-style: solid;border-top-style: solid;padding-bottom:50px;padding-left:0px;padding-right:0px;padding-top:50px;background-attachment:fixed;background-position:center center;background-repeat:no-repeat;-webkit-background-size:cover;-moz-background-size:cover;-o-background-size:cover;background-size:cover;-ms-filter: &quot;progid:DXImageTransform.Microsoft.AlphaImageLoader(src=&#039;https:\/\/bistroguggenheimbilbao.com\/wp-content\/uploads\/2022\/06\/IMG_8383.jpg&#039;, sizingMethod=&#039;scale&#039;)&quot;;background-image: url(https:\/\/bistroguggenheimbilbao.com\/wp-content\/uploads\/2022\/06\/IMG_8383.jpg);\"><style type=\"text\/css\" scoped=\"scoped\">.fusion-fullwidth-6 {\n\t\t\t\t\t\t\tpadding-left: 0px !important;\n\t\t\t\t\t\t\tpadding-right: 0px !important;\n\t\t\t\t\t\t}<\/style><div class=\"fusion-row\"><div class=\"fusion-one-full fusion-layout-column fusion-column-last fusion-spacing-yes\" style=\"margin-top:20px;margin-bottom:20px;\"><div class=\"fusion-column-wrapper fusion-animated\" data-animationType=\"fadeInDown\" data-animationDuration=\"0.5\"><div class=\"menutitlescolor\" style=\"text-align: center;\"><span style=\"font-family: 'Century Gothic Bold'; font-size: 36pt; color: #ffffff; text-shadow: 0px 1px 4px #000;\">menu d\u00e9gustation<\/span><\/div>\n<\/div><\/div><div class=\"fusion-clearfix\"><\/div><\/div><\/div><div class=\"fusion-fullwidth fullwidth-box fusion-fullwidth-7  fusion-parallax-none\" style=\"border-color:#eae9e9;border-bottom-width: 0px;border-top-width: 0px;border-bottom-style: solid;border-top-style: solid;padding-bottom:20px;padding-left:0px;padding-right:0px;padding-top:60px;background-position:left top;background-repeat:no-repeat;-webkit-background-size:cover;-moz-background-size:cover;-o-background-size:cover;background-size:cover;\"><style type=\"text\/css\" scoped=\"scoped\">.fusion-fullwidth-7 {\n\t\t\t\t\t\t\tpadding-left: 0px !important;\n\t\t\t\t\t\t\tpadding-right: 0px !important;\n\t\t\t\t\t\t}<\/style><div class=\"fusion-row\"><div class=\"fusion-sep-clear\"><\/div><div class=\"fusion-separator fusion-full-width-sep sep-none\" style=\"border-color:#e0dede;margin-left: auto;margin-right: auto;margin-top:px;margin-bottom:40px;\"><\/div><div class=\"fusion-one-sixth fusion-layout-column fusion-spacing-yes\" style=\"margin-top:0px;margin-bottom:20px;\"><div class=\"fusion-column-wrapper\"><\/div><\/div><div class=\"fusion-two-third fusion-layout-column fusion-spacing-yes\" style=\"margin-top:0px;margin-bottom:20px;\"><div class=\"fusion-column-wrapper\"><h3 class=\"p1\"><span style=\"font-family: Century Gothic BRegular;\">45,30 \u20ac<br \/>\n<\/span><\/h3>\n<p><span style=\"font-size: 10pt; font-family: 'Century Gothic BRegular';\"><em>Inclut pain maison et de l&rsquo;eau.<br \/>\n<\/em><\/span><\/p>\n<p><span style=\"font-size: 12pt; font-family: 'Century Gothic BRegular';\"><strong>C\u0153ur de laitue<\/strong> avec cr\u00e8me d\u2019amandes et escab\u00e8che d\u2019olives <\/span><br \/>\n<span style=\"font-size: 12pt; font-family: 'Century Gothic BRegular';\"><strong>Riz cr\u00e9meux aux chipirons<\/strong> avec petits calmars<\/span><br \/>\n<span style=\"font-size: 12pt; font-family: 'Century Gothic BRegular';\"><strong>Merlu grill\u00e9<\/strong> avec sauce verte aux petits pois <\/span><br \/>\n<span style=\"font-size: 12pt; font-family: 'Century Gothic BRegular';\"><strong>Cannelloni de veau laqu\u00e9<\/strong> avec cr\u00e8me de fenouil <\/span><br \/>\n<span style=\"font-size: 12pt; font-family: 'Century Gothic BRegular';\"><strong>Glace au zeste de citron<\/strong> et lait meringu\u00e9<\/span><\/p>\n<p><em style=\"font-size: 10pt;\">*Servi pour l&rsquo;ensemble de la table.<\/em><\/p>\n<\/div><\/div><div class=\"fusion-one-sixth fusion-layout-column fusion-column-last fusion-spacing-yes\" style=\"margin-top:0px;margin-bottom:20px;\"><div class=\"fusion-column-wrapper\"><\/div><\/div><div class=\"fusion-clearfix\"><\/div><div class=\"fusion-sep-clear\"><\/div><div class=\"fusion-separator fusion-full-width-sep sep-none\" style=\"border-color:#e0dede;margin-left: auto;margin-right: auto;margin-top:px;margin-bottom:40px;\"><\/div><\/div><\/div><div class=\"fusion-fullwidth fullwidth-box fusion-fullwidth-8  fusion-parallax-none\" style=\"border-color:#eae9e9;border-bottom-width: 0px;border-top-width: 0px;border-bottom-style: solid;border-top-style: solid;padding-bottom:20px;padding-left:0px;padding-right:0px;padding-top:20px;background-position:left top;background-repeat:no-repeat;-webkit-background-size:cover;-moz-background-size:cover;-o-background-size:cover;background-size:cover;\"><style type=\"text\/css\" scoped=\"scoped\">.fusion-fullwidth-8 {\n\t\t\t\t\t\t\tpadding-left: 0px !important;\n\t\t\t\t\t\t\tpadding-right: 0px !important;\n\t\t\t\t\t\t}<\/style><div class=\"fusion-row\"><div class=\"fusion-menu-anchor\" id=\"express\"><\/div><\/div><\/div><div class=\"fusion-fullwidth fullwidth-box fusion-fullwidth-9  fusion-parallax-fixed\" style=\"border-color:#eae9e9;border-bottom-width: 0px;border-top-width: 0px;border-bottom-style: solid;border-top-style: solid;padding-bottom:50px;padding-left:0px;padding-right:0px;padding-top:50px;background-attachment:fixed;background-position:center center;background-repeat:no-repeat;-webkit-background-size:cover;-moz-background-size:cover;-o-background-size:cover;background-size:cover;-ms-filter: &quot;progid:DXImageTransform.Microsoft.AlphaImageLoader(src=&#039;https:\/\/bistroguggenheimbilbao.com\/wp-content\/uploads\/2015\/04\/IMG_8275-Large.jpg&#039;, sizingMethod=&#039;scale&#039;)&quot;;background-image: url(https:\/\/bistroguggenheimbilbao.com\/wp-content\/uploads\/2015\/04\/IMG_8275-Large.jpg);\"><style type=\"text\/css\" scoped=\"scoped\">.fusion-fullwidth-9 {\n\t\t\t\t\t\t\tpadding-left: 0px !important;\n\t\t\t\t\t\t\tpadding-right: 0px !important;\n\t\t\t\t\t\t}<\/style><div class=\"fusion-row\"><div class=\"fusion-one-full fusion-layout-column fusion-column-last fusion-spacing-yes\" style=\"margin-top:20px;margin-bottom:20px;\"><div class=\"fusion-column-wrapper fusion-animated\" data-animationType=\"fadeInDown\" data-animationDuration=\"0.5\"><div class=\"menutitlescolor\" style=\"text-align: center;\"><span style=\"font-family: 'Century Gothic Bold'; font-size: 36pt; color: #ffffff; text-shadow: 0px 1px 4px #000;\">d\u00e9jeuner<br \/>\n<\/span><span style=\"font-family: 'Century Gothic Bold'; font-size: 36pt; color: #ffffff; text-shadow: 0px 1px 4px #000;\">express<\/span><\/div>\n<\/div><\/div><div class=\"fusion-clearfix\"><\/div><\/div><\/div><div class=\"fusion-fullwidth fullwidth-box fusion-fullwidth-10  fusion-parallax-none\" style=\"border-color:#eae9e9;border-bottom-width: 0px;border-top-width: 0px;border-bottom-style: solid;border-top-style: solid;padding-bottom:0px;padding-left:0px;padding-right:0px;padding-top:60px;background-position:left top;background-repeat:no-repeat;-webkit-background-size:cover;-moz-background-size:cover;-o-background-size:cover;background-size:cover;\"><style type=\"text\/css\" scoped=\"scoped\">.fusion-fullwidth-10 {\n\t\t\t\t\t\t\tpadding-left: 0px !important;\n\t\t\t\t\t\t\tpadding-right: 0px !important;\n\t\t\t\t\t\t}<\/style><div class=\"fusion-row\"><div class=\"fusion-sep-clear\"><\/div><div class=\"fusion-separator fusion-full-width-sep sep-none\" style=\"border-color:#e0dede;margin-left: auto;margin-right: auto;margin-top:px;margin-bottom:40px;\"><\/div><div class=\"fusion-one-sixth fusion-layout-column fusion-spacing-yes\" style=\"margin-top:0px;margin-bottom:20px;\"><div class=\"fusion-column-wrapper\"><\/div><\/div><div class=\"fusion-two-third fusion-layout-column fusion-spacing-yes\" style=\"margin-top:0px;margin-bottom:20px;\"><div class=\"fusion-column-wrapper\"><h3><span style=\"font-family: Century Gothic BRegular;\">plat principal + dessert<br \/>\n<span style=\"font-size: 10pt;\">(\u00e0 choisir sur la carte).<\/span><br \/>\n<\/span><\/h3>\n<h3 class=\"p1\"><span style=\"font-family: Century Gothic BRegular;\">25,20 \u20ac<br \/>\n<\/span><\/h3>\n<p class=\"p1\"><span style=\"font-family: Century Gothic BRegular;\"><em>Inclut: pain maison et de l&rsquo;eau.<\/em><\/span><\/p>\n<p><span style=\"font-family: Century Gothic BRegular;\"><em>*Certaines options sont avec suppl\u00e9ment. Servi \u00e0 midi.<\/em><\/span><\/p>\n<\/div><\/div><div class=\"fusion-one-sixth fusion-layout-column fusion-column-last fusion-spacing-yes\" style=\"margin-top:0px;margin-bottom:20px;\"><div class=\"fusion-column-wrapper\"><\/div><\/div><div class=\"fusion-clearfix\"><\/div><div class=\"fusion-sep-clear\"><\/div><div class=\"fusion-separator fusion-full-width-sep sep-none\" style=\"border-color:#e0dede;margin-left: auto;margin-right: auto;margin-top:px;margin-bottom:140px;\"><\/div><\/div><\/div>\n","protected":false},"excerpt":{"rendered":"","protected":false},"author":2,"featured_media":0,"parent":0,"menu_order":0,"comment_status":"open","ping_status":"closed","template":"100-width.php","meta":[],"_links":{"self":[{"href":"https:\/\/bistroguggenheimbilbao.com\/fr\/wp-json\/wp\/v2\/pages\/14734"}],"collection":[{"href":"https:\/\/bistroguggenheimbilbao.com\/fr\/wp-json\/wp\/v2\/pages"}],"about":[{"href":"https:\/\/bistroguggenheimbilbao.com\/fr\/wp-json\/wp\/v2\/types\/page"}],"author":[{"embeddable":true,"href":"https:\/\/bistroguggenheimbilbao.com\/fr\/wp-json\/wp\/v2\/users\/2"}],"replies":[{"embeddable":true,"href":"https:\/\/bistroguggenheimbilbao.com\/fr\/wp-json\/wp\/v2\/comments?post=14734"}],"version-history":[{"count":112,"href":"https:\/\/bistroguggenheimbilbao.com\/fr\/wp-json\/wp\/v2\/pages\/14734\/revisions"}],"predecessor-version":[{"id":17055,"href":"https:\/\/bistroguggenheimbilbao.com\/fr\/wp-json\/wp\/v2\/pages\/14734\/revisions\/17055"}],"wp:attachment":[{"href":"https:\/\/bistroguggenheimbilbao.com\/fr\/wp-json\/wp\/v2\/media?parent=14734"}],"curies":[{"name":"wp","href":"https:\/\/api.w.org\/{rel}","templated":true}]}}