{"id":14748,"date":"2015-04-07T18:22:41","date_gmt":"2015-04-07T18:22:41","guid":{"rendered":"http:\/\/www.bistroguggenheimbilbao.com\/?page_id=14748"},"modified":"2023-05-02T13:24:32","modified_gmt":"2023-05-02T13:24:32","slug":"bistro-mariages","status":"publish","type":"page","link":"https:\/\/bistroguggenheimbilbao.com\/fr\/bistro-mariages\/","title":{"rendered":"Mariages"},"content":{"rendered":"<div class=\"fusion-fullwidth fullwidth-box fusion-fullwidth-1  fusion-parallax-none\" style=\"border-color:#eae9e9;border-bottom-width: 0px;border-top-width: 0px;border-bottom-style: solid;border-top-style: solid;padding-bottom:50px;padding-left:0px;padding-right:0px;padding-top:60px;background-color:#bdbdbd;background-position:center top;background-repeat:no-repeat;-webkit-background-size:cover;-moz-background-size:cover;-o-background-size:cover;background-size:cover;\"><style type=\"text\/css\" scoped=\"scoped\">.fusion-fullwidth-1 {\n\t\t\t\t\t\t\tpadding-left: 0px !important;\n\t\t\t\t\t\t\tpadding-right: 0px !important;\n\t\t\t\t\t\t}<\/style><div class=\"fusion-row\"><div class=\"fusion-one-sixth fusion-layout-column fusion-spacing-yes\" style=\"margin-top:0px;margin-bottom:20px;\"><div class=\"fusion-column-wrapper\"><\/div><\/div><div class=\"fusion-two-fifth fusion-layout-column fusion-spacing-yes\" style=\"margin-top:0px;margin-bottom:20px;\"><div class=\"fusion-column-wrapper\"><span class=\"fusion-imageframe imageframe-none imageframe-1\"> <img decoding=\"async\" src=\"https:\/\/bistroguggenheimbilbao.com\/wp-content\/uploads\/2017\/04\/MG_86811.jpg\" alt=\"\" class=\"img-responsive\"\/><\/span><\/div><\/div><div class=\"fusion-two-fifth fusion-layout-column fusion-column-last fusion-spacing-yes\" style=\"margin-top:0px;margin-bottom:20px;\"><div class=\"fusion-column-wrapper\"><div class=\"titulobodas\">\n<h1 class=\"titulobodas\"><span style=\"color: #808080;\"><span style=\"font-family: 'Anglecia Pro Display Italic'; font-size: 36pt;\">OUI<br \/>\n<\/span><span style=\"font-family: 'Anglecia Pro Display Italic'; font-size: 36pt;\">JE LE VEUX.<\/span><\/span><\/h1>\n<\/div>\n<div class=\"fusion-sep-clear\"><\/div><div class=\"fusion-separator fusion-full-width-sep sep-none\" style=\"border-color:#e0dede;margin-left: auto;margin-right: auto;margin-top:20px;margin-bottom:20px;\"><\/div><p><span style=\"font-family: Anglecia Pro Text; font-size: 12pt; color: #333333;\">Nous vous offrons la possibilit\u00e9 de c\u00e9l\u00e9brer votre mariage dans l&rsquo;ic\u00f4ne architecturale de Bilbao.<\/span><\/p>\n<\/div><\/div><div class=\"fusion-clearfix\"><\/div><\/div><\/div><div class=\"fusion-fullwidth fullwidth-box fusion-fullwidth-2  fusion-parallax-none\" style=\"border-color:#eae9e9;border-bottom-width: 0px;border-top-width: 0px;border-bottom-style: solid;border-top-style: solid;padding-bottom:50px;padding-left:0px;padding-right:0px;padding-top:70px;background-color:#c6c6c6;background-position:center top;background-repeat:no-repeat;-webkit-background-size:cover;-moz-background-size:cover;-o-background-size:cover;background-size:cover;\"><style type=\"text\/css\" scoped=\"scoped\">.fusion-fullwidth-2 {\n\t\t\t\t\t\t\tpadding-left: 0px !important;\n\t\t\t\t\t\t\tpadding-right: 0px !important;\n\t\t\t\t\t\t}<\/style><div class=\"fusion-row\"><div class=\"fusion-one-sixth fusion-layout-column fusion-spacing-yes\" style=\"margin-top:0px;margin-bottom:20px;\"><div class=\"fusion-column-wrapper\"><\/div><\/div><div class=\"fusion-two-fifth fusion-layout-column fusion-spacing-yes\" style=\"margin-top:0px;margin-bottom:20px;\"><div class=\"fusion-column-wrapper\"><span class=\"fusion-imageframe imageframe-none imageframe-2\"> <img decoding=\"async\" src=\"https:\/\/bistroguggenheimbilbao.com\/wp-content\/uploads\/2017\/04\/Bistro_bodas_021.jpg\" alt=\"\" class=\"img-responsive\"\/><\/span><\/div><\/div><div class=\"fusion-two-fifth fusion-layout-column fusion-column-last fusion-spacing-yes\" style=\"margin-top:0px;margin-bottom:20px;\"><div class=\"fusion-column-wrapper\"><div class=\"titulobodas\">\n<h1 class=\"titulobodas\"><span style=\"font-family: 'Anglecia Pro Display Italic'; font-size: 36pt; color: #808080;\">VOTRE S<\/span><span style=\"font-family: 'Anglecia Pro Display Italic'; font-size: 36pt; color: #808080;\">OIR\u00c9E <\/span><\/h1>\n<h1 class=\"titulobodas\"><span style=\"font-family: 'Anglecia Pro Display Italic'; font-size: 36pt; color: #808080;\">\u00c1 <\/span><span style=\"font-family: 'Anglecia Pro Display Italic'; font-size: 36pt; color: #808080;\">BILBAO.<\/span><\/h1>\n<\/div>\n<div class=\"fusion-sep-clear\"><\/div><div class=\"fusion-separator fusion-full-width-sep sep-none\" style=\"border-color:#e0dede;margin-left: auto;margin-right: auto;margin-top:10px;margin-bottom:10px;\"><\/div><p><span style=\"font-family: Anglecia Pro Text; font-size: 12pt; color: #333333;\">La nuit tombe \u00e0 Bilbao, le meilleur moment pour profiter d&rsquo;une journ\u00e9e si sp\u00e9ciale. L\u2019exp\u00e9rience d&rsquo;un mariage urbaine \u00a0inoubliable.<\/span><\/p>\n<\/div><\/div><div class=\"fusion-clearfix\"><\/div><\/div><\/div><div class=\"fusion-fullwidth fullwidth-box fusion-fullwidth-3  fusion-parallax-none\" style=\"border-color:#eae9e9;border-bottom-width: 0px;border-top-width: 0px;border-bottom-style: solid;border-top-style: solid;padding-bottom:50px;padding-left:0px;padding-right:0px;padding-top:70px;background-color:#bdbdbd;background-position:center top;background-repeat:no-repeat;-webkit-background-size:cover;-moz-background-size:cover;-o-background-size:cover;background-size:cover;\"><style type=\"text\/css\" scoped=\"scoped\">.fusion-fullwidth-3 {\n\t\t\t\t\t\t\tpadding-left: 0px !important;\n\t\t\t\t\t\t\tpadding-right: 0px !important;\n\t\t\t\t\t\t}<\/style><div class=\"fusion-row\"><div class=\"fusion-one-sixth fusion-layout-column fusion-spacing-yes\" style=\"margin-top:0px;margin-bottom:20px;\"><div class=\"fusion-column-wrapper\"><\/div><\/div><div class=\"fusion-two-fifth fusion-layout-column fusion-spacing-yes\" style=\"margin-top:0px;margin-bottom:20px;\"><div class=\"fusion-column-wrapper\"><span class=\"fusion-imageframe imageframe-none imageframe-3\"> <img decoding=\"async\" src=\"https:\/\/bistroguggenheimbilbao.com\/wp-content\/uploads\/2017\/04\/MG_8238.jpg\" alt=\"\" class=\"img-responsive\"\/><\/span><\/div><\/div><div class=\"fusion-two-fifth fusion-layout-column fusion-column-last fusion-spacing-yes\" style=\"margin-top:0px;margin-bottom:20px;\"><div class=\"fusion-column-wrapper\"><div class=\"titulobodas\">\n<h1 class=\"titulobodas\"><span style=\"font-family: 'Anglecia Pro Display Italic'; font-size: 36pt; color: #808080;\">L&rsquo;ESPACE<\/span><span style=\"font-family: 'Anglecia Pro Display Italic'; font-size: 36pt; color: #808080;\">.<\/span><\/h1>\n<\/div>\n<div class=\"fusion-sep-clear\"><\/div><div class=\"fusion-separator fusion-full-width-sep sep-none\" style=\"border-color:#e0dede;margin-left: auto;margin-right: auto;margin-top:20px;margin-bottom:20px;\"><\/div><p><span style=\"font-family: Anglecia Pro Text; color: #333333; font-size: 12pt;\">Bistro Guggenheim Bilbao est un espace unique et singulier, \u00e9labor\u00e9 par Frank Gehry.<\/span><\/p>\n<\/div><\/div><div class=\"fusion-clearfix\"><\/div><\/div><\/div><div class=\"fusion-fullwidth fullwidth-box fusion-fullwidth-4  fusion-parallax-none\" style=\"border-color:#eae9e9;border-bottom-width: 0px;border-top-width: 0px;border-bottom-style: solid;border-top-style: solid;padding-bottom:50px;padding-left:0px;padding-right:0px;padding-top:70px;background-color:#c6c6c6;background-position:center top;background-repeat:no-repeat;-webkit-background-size:cover;-moz-background-size:cover;-o-background-size:cover;background-size:cover;\"><style type=\"text\/css\" scoped=\"scoped\">.fusion-fullwidth-4 {\n\t\t\t\t\t\t\tpadding-left: 0px !important;\n\t\t\t\t\t\t\tpadding-right: 0px !important;\n\t\t\t\t\t\t}<\/style><div class=\"fusion-row\"><div class=\"fusion-one-sixth fusion-layout-column fusion-spacing-yes\" style=\"margin-top:0px;margin-bottom:20px;\"><div class=\"fusion-column-wrapper\"><\/div><\/div><div class=\"fusion-two-fifth fusion-layout-column fusion-spacing-yes\" style=\"margin-top:0px;margin-bottom:20px;\"><div class=\"fusion-column-wrapper\"><span class=\"fusion-imageframe imageframe-none imageframe-4\"> <img decoding=\"async\" src=\"https:\/\/bistroguggenheimbilbao.com\/wp-content\/uploads\/2017\/04\/MG_0108.jpg\" alt=\"\" class=\"img-responsive\"\/><\/span><\/div><\/div><div class=\"fusion-two-fifth fusion-layout-column fusion-column-last fusion-spacing-yes\" style=\"margin-top:0px;margin-bottom:20px;\"><div class=\"fusion-column-wrapper\"><div class=\"titulobodas\">\n<h1 class=\"titulobodas\"><span style=\"font-family: 'Anglecia Pro Display Italic'; font-size: 36pt; color: #808080;\">LA<br \/>\n<\/span><span style=\"font-family: 'Anglecia Pro Display Italic'; font-size: 36pt; color: #808080;\">TERRASSE<\/span><span style=\"font-family: 'Anglecia Pro Display Italic'; font-size: 36pt; color: #808080;\">.<\/span><\/h1>\n<\/div>\n<div class=\"fusion-sep-clear\"><\/div><div class=\"fusion-separator fusion-full-width-sep sep-none\" style=\"border-color:#e0dede;margin-left: auto;margin-right: auto;margin-top:20px;margin-bottom:20px;\"><\/div><p><span style=\"font-family: Anglecia Pro Text; font-size: 12pt; color: #333333;\">Nous avons aussi une terrasse exclusive surplombant la rivi\u00e8re et entour\u00e9 de titane. \u00a0<\/span><\/p>\n<\/div><\/div><div class=\"fusion-clearfix\"><\/div><\/div><\/div><div class=\"fusion-fullwidth fullwidth-box fusion-fullwidth-5  fusion-parallax-none\" style=\"border-color:#eae9e9;border-bottom-width: 0px;border-top-width: 0px;border-bottom-style: solid;border-top-style: solid;padding-bottom:50px;padding-left:0px;padding-right:0px;padding-top:70px;background-color:#bdbdbd;background-position:center top;background-repeat:no-repeat;-webkit-background-size:cover;-moz-background-size:cover;-o-background-size:cover;background-size:cover;\"><style type=\"text\/css\" scoped=\"scoped\">.fusion-fullwidth-5 {\n\t\t\t\t\t\t\tpadding-left: 0px !important;\n\t\t\t\t\t\t\tpadding-right: 0px !important;\n\t\t\t\t\t\t}<\/style><div class=\"fusion-row\"><div class=\"fusion-one-sixth fusion-layout-column fusion-spacing-yes\" style=\"margin-top:0px;margin-bottom:20px;\"><div class=\"fusion-column-wrapper\"><\/div><\/div><div class=\"fusion-two-fifth fusion-layout-column fusion-spacing-yes\" style=\"margin-top:0px;margin-bottom:20px;\"><div class=\"fusion-column-wrapper\"><span class=\"fusion-imageframe imageframe-none imageframe-5\"> <img decoding=\"async\" src=\"https:\/\/bistroguggenheimbilbao.com\/wp-content\/uploads\/2015\/04\/MG_8186.jpg\" alt=\"\" class=\"img-responsive\"\/><\/span><\/div><\/div><div class=\"fusion-two-fifth fusion-layout-column fusion-column-last fusion-spacing-yes\" style=\"margin-top:0px;margin-bottom:20px;\"><div class=\"fusion-column-wrapper\"><div class=\"titulobodas\">\n<h1 class=\"titulobodas\"><span style=\"font-family: 'Anglecia Pro Display Italic'; font-size: 36pt; color: #808080;\">GASTRONOMIE<\/span><span style=\"font-family: 'Anglecia Pro Display Italic'; font-size: 36pt; color: #808080;\">.<\/span><\/h1>\n<\/div>\n<div class=\"fusion-sep-clear\"><\/div><div class=\"fusion-separator fusion-full-width-sep sep-none\" style=\"border-color:#e0dede;margin-left: auto;margin-right: auto;margin-top:20px;margin-bottom:20px;\"><\/div><p><span style=\"font-family: Anglecia Pro Text; font-size: 12pt; color: #333333;\">Nous \u00e9laborons une offre gastronomique \u00e0 vos besoins, la cuisine en direct, coins culinaires&#8230;<\/span><\/p>\n<\/div><\/div><div class=\"fusion-clearfix\"><\/div><\/div><\/div><div class=\"fusion-fullwidth fullwidth-box fusion-fullwidth-6  fusion-parallax-none\" style=\"border-color:#eae9e9;border-bottom-width: 0px;border-top-width: 0px;border-bottom-style: solid;border-top-style: solid;padding-bottom:50px;padding-left:0px;padding-right:0px;padding-top:70px;background-color:#c6c6c6;background-position:center top;background-repeat:no-repeat;-webkit-background-size:cover;-moz-background-size:cover;-o-background-size:cover;background-size:cover;\"><style type=\"text\/css\" scoped=\"scoped\">.fusion-fullwidth-6 {\n\t\t\t\t\t\t\tpadding-left: 0px !important;\n\t\t\t\t\t\t\tpadding-right: 0px !important;\n\t\t\t\t\t\t}<\/style><div class=\"fusion-row\"><div class=\"fusion-one-sixth fusion-layout-column fusion-spacing-yes\" style=\"margin-top:0px;margin-bottom:20px;\"><div class=\"fusion-column-wrapper\"><\/div><\/div><div class=\"fusion-two-fifth fusion-layout-column fusion-spacing-yes\" style=\"margin-top:0px;margin-bottom:20px;\"><div class=\"fusion-column-wrapper\"><span class=\"fusion-imageframe imageframe-none imageframe-6\"> <img decoding=\"async\" src=\"https:\/\/bistroguggenheimbilbao.com\/wp-content\/uploads\/2017\/04\/20151017_mja-793.jpg\" alt=\"\" class=\"img-responsive\"\/><\/span><\/div><\/div><div class=\"fusion-two-fifth fusion-layout-column fusion-column-last fusion-spacing-yes\" style=\"margin-top:0px;margin-bottom:20px;\"><div class=\"fusion-column-wrapper\"><div class=\"titulobodas\">\n<h1 class=\"titulobodas\"><span style=\"font-family: 'Anglecia Pro Display Italic'; font-size: 36pt; color: #808080;\">LA<br \/>\n<\/span><span style=\"font-family: 'Anglecia Pro Display Italic'; font-size: 36pt; color: #808080;\">F\u00caTE<\/span><span style=\"font-family: 'Anglecia Pro Display Italic'; font-size: 36pt; color: #808080;\">.<\/span><\/h1>\n<\/div>\n<div class=\"fusion-sep-clear\"><\/div><div class=\"fusion-separator fusion-full-width-sep sep-none\" style=\"border-color:#e0dede;margin-left: auto;margin-right: auto;margin-top:20px;margin-bottom:20px;\"><\/div><p><span style=\"font-family: Anglecia Pro Text; font-size: 12pt; color: #333333;\">Profitez de la danse dans un espace diff\u00e9rent qui est transform\u00e9 avec des effets lumineux et de la musique.<\/span><\/p>\n<\/div><\/div><div class=\"fusion-clearfix\"><\/div><\/div><\/div><div class=\"fusion-fullwidth fullwidth-box fusion-fullwidth-7  fusion-parallax-none\" style=\"border-color:#eae9e9;border-bottom-width: 0px;border-top-width: 0px;border-bottom-style: solid;border-top-style: solid;padding-bottom:50px;padding-left:0px;padding-right:0px;padding-top:70px;background-color:#bdbdbd;background-position:center top;background-repeat:no-repeat;-webkit-background-size:cover;-moz-background-size:cover;-o-background-size:cover;background-size:cover;\"><style type=\"text\/css\" scoped=\"scoped\">.fusion-fullwidth-7 {\n\t\t\t\t\t\t\tpadding-left: 0px !important;\n\t\t\t\t\t\t\tpadding-right: 0px !important;\n\t\t\t\t\t\t}<\/style><div class=\"fusion-row\"><div class=\"fusion-one-sixth fusion-layout-column fusion-spacing-yes\" style=\"margin-top:0px;margin-bottom:20px;\"><div class=\"fusion-column-wrapper\"><\/div><\/div><div class=\"fusion-two-fifth fusion-layout-column fusion-spacing-yes\" style=\"margin-top:0px;margin-bottom:20px;\"><div class=\"fusion-column-wrapper\"><span class=\"fusion-imageframe imageframe-none imageframe-7\"> <img decoding=\"async\" src=\"https:\/\/bistroguggenheimbilbao.com\/wp-content\/uploads\/2017\/04\/MG_8502.jpg\" alt=\"\" class=\"img-responsive\"\/><\/span><\/div><\/div><div class=\"fusion-two-fifth fusion-layout-column fusion-column-last fusion-spacing-yes\" style=\"margin-top:0px;margin-bottom:20px;\"><div class=\"fusion-column-wrapper\"><div class=\"titulobodas\">\n<h1 class=\"titulobodas\"><span style=\"font-family: 'Anglecia Pro Display Italic'; font-size: 36pt; color: #808080;\">LES<br \/>\n<\/span><span style=\"font-family: 'Anglecia Pro Display Italic'; font-size: 36pt; color: #808080;\">D\u00c8TAILS<\/span><span style=\"font-family: 'Anglecia Pro Display Italic'; font-size: 36pt; color: #808080;\">.<\/span><\/h1>\n<\/div>\n<div class=\"fusion-sep-clear\"><\/div><div class=\"fusion-separator fusion-full-width-sep sep-none\" style=\"border-color:#e0dede;margin-left: auto;margin-right: auto;margin-top:20px;margin-bottom:20px;\"><\/div><p><span style=\"font-family: Anglecia Pro Text; font-size: 12pt; color: #333333;\">Nous vous aidons \u00e0 trouver les meilleurs fournisseurs de mariage: les planificateurs de mariage, photographes, DJ, fleuristes, candy bar &#8230;<\/span><\/p>\n<\/div><\/div><div class=\"fusion-clearfix\"><\/div><\/div><\/div><div class=\"fusion-fullwidth fullwidth-box fusion-fullwidth-8  fusion-parallax-fixed\" style=\"border-color:#eae9e9;border-bottom-width: 0px;border-top-width: 0px;border-bottom-style: solid;border-top-style: solid;padding-bottom:100px;padding-left:0px;padding-right:0px;padding-top:100px;background-attachment:fixed;background-color:#c6c6c6;background-position:center top;background-repeat:no-repeat;-webkit-background-size:cover;-moz-background-size:cover;-o-background-size:cover;background-size:cover;-ms-filter: &quot;progid:DXImageTransform.Microsoft.AlphaImageLoader(src=&#039;https:\/\/bistroguggenheimbilbao.com\/wp-content\/uploads\/2017\/04\/MG_8308.jpg&#039;, sizingMethod=&#039;scale&#039;)&quot;;background-image: url(https:\/\/bistroguggenheimbilbao.com\/wp-content\/uploads\/2017\/04\/MG_8308.jpg);\"><style type=\"text\/css\" scoped=\"scoped\">.fusion-fullwidth-8 {\n\t\t\t\t\t\t\tpadding-left: 0px !important;\n\t\t\t\t\t\t\tpadding-right: 0px !important;\n\t\t\t\t\t\t}<\/style><div class=\"fusion-row\"><\/div><\/div><div class=\"fusion-fullwidth fullwidth-box fusion-fullwidth-9  fusion-parallax-none\" style=\"border-color:#eae9e9;border-bottom-width: 0px;border-top-width: 0px;border-bottom-style: solid;border-top-style: solid;padding-bottom:40px;padding-left:0px;padding-right:0px;padding-top:50px;background-color:#c6c6c6;background-position:center top;background-repeat:no-repeat;-webkit-background-size:cover;-moz-background-size:cover;-o-background-size:cover;background-size:cover;\"><style type=\"text\/css\" scoped=\"scoped\">.fusion-fullwidth-9 {\n\t\t\t\t\t\t\tpadding-left: 0px !important;\n\t\t\t\t\t\t\tpadding-right: 0px !important;\n\t\t\t\t\t\t}<\/style><div class=\"fusion-row\"><div class=\"fusion-one-sixth fusion-layout-column fusion-spacing-yes\" style=\"margin-top:0px;margin-bottom:20px;\"><div class=\"fusion-column-wrapper\"><\/div><\/div><div class=\"fusion-two-third fusion-layout-column fusion-spacing-yes\" style=\"margin-top:0px;margin-bottom:20px;\"><div class=\"fusion-column-wrapper\"><p align=\"JUSTIFY\"><span style=\"font-size: 14pt;\"><span style=\"font-family: 'Anglecia Pro Display Italic';\"><span style=\"color: #808080;\">Demandez un rendez-vous et visitez nos espaces sans engagement:<\/span><br \/>\n<\/span><span style=\"font-family: 'Anglecia Pro Display Italic'; color: #000000;\"><a href=\"mailto:bodas@bistroguggenheimbilbao.com\" target=\"_blank\">bodas@bistroguggenheimbilbao.com<\/a><\/span><a title=\"reservas\" href=\"mailto:reservas@bistroguggenheimbilbao.com\" target=\"_blank\"><br \/>\n<\/a><span style=\"color: #808080; font-family: 'Anglecia Pro Display Italic';\">ou appelez-nous au:<\/span><\/span><br \/>\n<span style=\"font-size: 14pt; font-family: 'Anglecia Pro Display Italic'; color: #000000;\">944 239 333<\/span><\/p>\n<\/div><\/div><div class=\"fusion-one-sixth fusion-layout-column fusion-column-last fusion-spacing-yes\" style=\"margin-top:0px;margin-bottom:20px;\"><div class=\"fusion-column-wrapper\"><\/div><\/div><div class=\"fusion-clearfix\"><\/div><\/div><\/div>\n","protected":false},"excerpt":{"rendered":"","protected":false},"author":2,"featured_media":0,"parent":0,"menu_order":0,"comment_status":"open","ping_status":"closed","template":"100-width.php","meta":[],"_links":{"self":[{"href":"https:\/\/bistroguggenheimbilbao.com\/fr\/wp-json\/wp\/v2\/pages\/14748"}],"collection":[{"href":"https:\/\/bistroguggenheimbilbao.com\/fr\/wp-json\/wp\/v2\/pages"}],"about":[{"href":"https:\/\/bistroguggenheimbilbao.com\/fr\/wp-json\/wp\/v2\/types\/page"}],"author":[{"embeddable":true,"href":"https:\/\/bistroguggenheimbilbao.com\/fr\/wp-json\/wp\/v2\/users\/2"}],"replies":[{"embeddable":true,"href":"https:\/\/bistroguggenheimbilbao.com\/fr\/wp-json\/wp\/v2\/comments?post=14748"}],"version-history":[{"count":14,"href":"https:\/\/bistroguggenheimbilbao.com\/fr\/wp-json\/wp\/v2\/pages\/14748\/revisions"}],"predecessor-version":[{"id":16159,"href":"https:\/\/bistroguggenheimbilbao.com\/fr\/wp-json\/wp\/v2\/pages\/14748\/revisions\/16159"}],"wp:attachment":[{"href":"https:\/\/bistroguggenheimbilbao.com\/fr\/wp-json\/wp\/v2\/media?parent=14748"}],"curies":[{"name":"wp","href":"https:\/\/api.w.org\/{rel}","templated":true}]}}