{"id":14751,"date":"2015-04-09T16:04:57","date_gmt":"2015-04-09T16:04:57","guid":{"rendered":"http:\/\/www.bistroguggenheimbilbao.com\/?page_id=14751"},"modified":"2023-10-16T07:51:26","modified_gmt":"2023-10-16T07:51:26","slug":"bistro-bar","status":"publish","type":"page","link":"https:\/\/bistroguggenheimbilbao.com\/fr\/bistro-bar\/","title":{"rendered":"Bar"},"content":{"rendered":"<div class=\"fusion-fullwidth fullwidth-box fusion-fullwidth-1  fusion-parallax-none\" style=\"border-color:#eae9e9;border-bottom-width: 0px;border-top-width: 0px;border-bottom-style: solid;border-top-style: solid;padding-bottom:100px;padding-left:0px;padding-right:0px;padding-top:100px;background-position:left top;background-repeat:no-repeat;-webkit-background-size:cover;-moz-background-size:cover;-o-background-size:cover;background-size:cover;\"><style type=\"text\/css\" scoped=\"scoped\">.fusion-fullwidth-1 {\n\t\t\t\t\t\t\tpadding-left: 0px !important;\n\t\t\t\t\t\t\tpadding-right: 0px !important;\n\t\t\t\t\t\t}<\/style><div class=\"fusion-row\"><div class=\"fusion-one-half fusion-layout-column fusion-spacing-yes\" style=\"margin-top:0px;margin-bottom:20px;\"><div class=\"fusion-column-wrapper\"><div class=\"fusion-slider-sc flexslider\" style=\"max-width:100%;height:100%;\"><ul class=\"slides\"><li class=\"image\"><img src=\"https:\/\/bistroguggenheimbilbao.com\/wp-content\/uploads\/2015\/06\/Bistro_Bar_slide_09.jpg\" \/><\/li><li class=\"image\"><img src=\"https:\/\/bistroguggenheimbilbao.com\/wp-content\/uploads\/2015\/06\/Bistro_Bar_slide_07.jpg\" \/><\/li><li class=\"image\"><img src=\"https:\/\/bistroguggenheimbilbao.com\/wp-content\/uploads\/2015\/06\/Bistro_Bar_slide_03.jpg\" \/><\/li><\/ul><\/div><\/div><\/div><div class=\"fusion-one-half fusion-layout-column fusion-column-last fusion-spacing-yes\" style=\"margin-top:0px;margin-bottom:20px;\"><div class=\"fusion-column-wrapper\"><h1>Bar<br \/>\nGuggenheim Bilbao<\/h1>\n<p align=\"JUSTIFY\"><span style=\"font-family: 'Century Gothic Bold'; font-size: 14pt;\"><span lang=\"pt-BR\">Que sont les <\/span><span lang=\"pt-BR\">pintxos<\/span><\/span><span lang=\"pt-BR\"><span style=\"font-family: 'Century Gothic Bold'; font-size: 14pt;\">\u00a0?<\/span><\/span><\/p>\n<p>Une autre mani\u00e8re de manger et de profiter d&rsquo;\u00e9laborations et de m\u00e9langes surprenants sans renoncer pour autant \u00e0 la qualit\u00e9. Une cuisine sans r\u00e8gles qui met en valeur des produits et des coutumes.<\/p>\n<p>Les pintxos refl\u00e8tent l&rsquo;histoire d&rsquo;un peuple et la libert\u00e9 de savourer la vie \u00e0 travers un rituel social.<\/p>\n<div class=\"fusion-sep-clear\"><\/div><div class=\"fusion-separator fusion-full-width-sep sep-none\" style=\"border-color:#e0dede;margin-left: auto;margin-right: auto;margin-top:10px;margin-bottom:10px;\"><\/div><p><span style=\"font-family: Century Gothic BRegular;\">Le Bar est ouvert de <strong>9h30 \u00e0 19h30<\/strong> du mardi au dimanche. Lundi ferm\u00e9s.<\/span><\/p>\n<div class=\"fusion-sep-clear\"><\/div><div class=\"fusion-separator fusion-full-width-sep sep-none\" style=\"border-color:#e0dede;margin-left: auto;margin-right: auto;margin-top:10px;margin-bottom:10px;\"><\/div><\/div><\/div><div class=\"fusion-clearfix\"><\/div><div class=\"fusion-one-half fusion-layout-column fusion-spacing-yes\" style=\"margin-top:0px;margin-bottom:20px;\"><div class=\"fusion-column-wrapper\"><h1 align=\"JUSTIFY\"><span id=\"result_box\" class=\"short_text\" lang=\"fr\"><span class=\"hps\">La peinture murale<\/span><\/span><\/h1>\n<p>Une grande peinture acrylique et fusain sur toile de 4 x 10 m\u00e8tres de San Sebastian artiste Juan Perez Agirregoikoa pr\u00e9side le Bar Guggenheim de Bilbao . Dans \u00a0\u00bb La For\u00eat des Ma\u00eetres &#8211; sots \u00a0\u00bb l&rsquo;artiste refl\u00e8te sur le comportement humain \u00e0 travers une for\u00eat la nuit en proie \u00e0 des \u00e9l\u00e9ments symboliques , politiques et philosophiques .<\/p>\n<\/div><\/div><div class=\"fusion-one-half fusion-layout-column fusion-column-last fusion-spacing-yes\" style=\"margin-top:0px;margin-bottom:20px;\"><div class=\"fusion-column-wrapper\"><span class=\"fusion-imageframe imageframe-none imageframe-1\"><a href=\"https:\/\/bistroguggenheimbilbao.com\/wp-content\/uploads\/2015\/04\/Bistro_Bar_mural_high.jpg\" class=\"fusion-lightbox\" data-rel=\"iLightbox[69e78cbfd561d]\" data-title=\"Bistro_Bar_mural_low\"> <img decoding=\"async\" src=\"https:\/\/bistroguggenheimbilbao.com\/wp-content\/uploads\/2015\/04\/Bistro_Bar_mural_low.jpg\" alt=\"\" class=\"img-responsive\"\/><\/a><\/span><\/div><\/div><div class=\"fusion-clearfix\"><\/div><\/div><\/div>\n","protected":false},"excerpt":{"rendered":"","protected":false},"author":2,"featured_media":0,"parent":0,"menu_order":0,"comment_status":"open","ping_status":"closed","template":"100-width.php","meta":[],"_links":{"self":[{"href":"https:\/\/bistroguggenheimbilbao.com\/fr\/wp-json\/wp\/v2\/pages\/14751"}],"collection":[{"href":"https:\/\/bistroguggenheimbilbao.com\/fr\/wp-json\/wp\/v2\/pages"}],"about":[{"href":"https:\/\/bistroguggenheimbilbao.com\/fr\/wp-json\/wp\/v2\/types\/page"}],"author":[{"embeddable":true,"href":"https:\/\/bistroguggenheimbilbao.com\/fr\/wp-json\/wp\/v2\/users\/2"}],"replies":[{"embeddable":true,"href":"https:\/\/bistroguggenheimbilbao.com\/fr\/wp-json\/wp\/v2\/comments?post=14751"}],"version-history":[{"count":18,"href":"https:\/\/bistroguggenheimbilbao.com\/fr\/wp-json\/wp\/v2\/pages\/14751\/revisions"}],"predecessor-version":[{"id":16730,"href":"https:\/\/bistroguggenheimbilbao.com\/fr\/wp-json\/wp\/v2\/pages\/14751\/revisions\/16730"}],"wp:attachment":[{"href":"https:\/\/bistroguggenheimbilbao.com\/fr\/wp-json\/wp\/v2\/media?parent=14751"}],"curies":[{"name":"wp","href":"https:\/\/api.w.org\/{rel}","templated":true}]}}