{"id":14754,"date":"2015-05-04T14:15:20","date_gmt":"2015-05-04T14:15:20","guid":{"rendered":"http:\/\/www.bistroguggenheimbilbao.com\/?page_id=14754"},"modified":"2022-11-03T16:18:06","modified_gmt":"2022-11-03T16:18:06","slug":"bistro-terrasse","status":"publish","type":"page","link":"https:\/\/bistroguggenheimbilbao.com\/fr\/bistro-terrasse\/","title":{"rendered":"Terrasse"},"content":{"rendered":"<div class=\"fusion-fullwidth fullwidth-box fusion-fullwidth-1  fusion-parallax-none\" style=\"border-color:#eae9e9;border-bottom-width: 0px;border-top-width: 0px;border-bottom-style: solid;border-top-style: solid;padding-bottom:100px;padding-left:0px;padding-right:0px;padding-top:100px;background-position:left top;background-repeat:no-repeat;-webkit-background-size:cover;-moz-background-size:cover;-o-background-size:cover;background-size:cover;\"><style type=\"text\/css\" scoped=\"scoped\">.fusion-fullwidth-1 {\n\t\t\t\t\t\t\tpadding-left: 0px !important;\n\t\t\t\t\t\t\tpadding-right: 0px !important;\n\t\t\t\t\t\t}<\/style><div class=\"fusion-row\"><div class=\"fusion-one-half fusion-layout-column fusion-spacing-yes\" style=\"margin-top:0px;margin-bottom:20px;\"><div class=\"fusion-column-wrapper\"><div class=\"fusion-slider-sc flexslider\" style=\"max-width:100%;height:100%;\"><ul class=\"slides\"><li class=\"image\"><img src=\"https:\/\/bistroguggenheimbilbao.com\/wp-content\/uploads\/2015\/05\/terraza-bar-2.jpg\" \/><\/li><li class=\"image\"><img src=\"https:\/\/bistroguggenheimbilbao.com\/wp-content\/uploads\/2015\/05\/02.jpg\" \/><\/li><\/ul><\/div><\/div><\/div><div class=\"fusion-one-half fusion-layout-column fusion-column-last fusion-spacing-yes\" style=\"margin-top:0px;margin-bottom:20px;\"><div class=\"fusion-column-wrapper\"><p>Notre terrasse est situ\u00e9e sur la place du Mus\u00e9e. Quel meilleur endroit pour se reposer apr\u00e8s la visite\u00a0? Prenez une salade, laissez-vous surprendre par notre carte de pintxos, d\u00e9gustez le meilleur caf\u00e9, tout cela en profitant d&rsquo;une vue unique.<\/p>\n<p><span style=\"font-family: Century Gothic BRegular;\">Profitez de nos glaces artisanales, cr\u00e9meuses et naturelles<\/span><\/p>\n<\/div><\/div><div class=\"fusion-clearfix\"><\/div><\/div><\/div>\n","protected":false},"excerpt":{"rendered":"","protected":false},"author":2,"featured_media":0,"parent":0,"menu_order":0,"comment_status":"open","ping_status":"closed","template":"100-width.php","meta":[],"_links":{"self":[{"href":"https:\/\/bistroguggenheimbilbao.com\/fr\/wp-json\/wp\/v2\/pages\/14754"}],"collection":[{"href":"https:\/\/bistroguggenheimbilbao.com\/fr\/wp-json\/wp\/v2\/pages"}],"about":[{"href":"https:\/\/bistroguggenheimbilbao.com\/fr\/wp-json\/wp\/v2\/types\/page"}],"author":[{"embeddable":true,"href":"https:\/\/bistroguggenheimbilbao.com\/fr\/wp-json\/wp\/v2\/users\/2"}],"replies":[{"embeddable":true,"href":"https:\/\/bistroguggenheimbilbao.com\/fr\/wp-json\/wp\/v2\/comments?post=14754"}],"version-history":[{"count":10,"href":"https:\/\/bistroguggenheimbilbao.com\/fr\/wp-json\/wp\/v2\/pages\/14754\/revisions"}],"predecessor-version":[{"id":16098,"href":"https:\/\/bistroguggenheimbilbao.com\/fr\/wp-json\/wp\/v2\/pages\/14754\/revisions\/16098"}],"wp:attachment":[{"href":"https:\/\/bistroguggenheimbilbao.com\/fr\/wp-json\/wp\/v2\/media?parent=14754"}],"curies":[{"name":"wp","href":"https:\/\/api.w.org\/{rel}","templated":true}]}}