{"id":14757,"date":"2015-04-07T18:18:30","date_gmt":"2015-04-07T18:18:30","guid":{"rendered":"http:\/\/www.bistroguggenheimbilbao.com\/?page_id=14757"},"modified":"2025-07-23T07:43:58","modified_gmt":"2025-07-23T07:43:58","slug":"bistro-reservations","status":"publish","type":"page","link":"https:\/\/bistroguggenheimbilbao.com\/fr\/bistro-reservations\/","title":{"rendered":"R\u00e9servations"},"content":{"rendered":"<div class=\"fusion-fullwidth fullwidth-box fusion-fullwidth-1  fusion-parallax-none\" style=\"border-color:#eae9e9;border-bottom-width: 0px;border-top-width: 0px;border-bottom-style: solid;border-top-style: solid;padding-bottom:0px;padding-left:0px;padding-right:0px;padding-top:0px;background-position:left top;background-repeat:no-repeat;-webkit-background-size:cover;-moz-background-size:cover;-o-background-size:cover;background-size:cover;\"><style type=\"text\/css\" scoped=\"scoped\">.fusion-fullwidth-1 {\n\t\t\t\t\t\t\tpadding-left: 0px !important;\n\t\t\t\t\t\t\tpadding-right: 0px !important;\n\t\t\t\t\t\t}<\/style><div class=\"fusion-row\"><div class=\"fusion-sep-clear\"><\/div><div class=\"fusion-separator fusion-full-width-sep sep-none\" style=\"border-color:#e0dede;margin-left: auto;margin-right: auto;margin-top:30px;\"><\/div><div class=\"fusion-one-third one_third fusion-layout-column fusion-spacing-yes\" style=\"margin-top:0px;margin-bottom:20px;\"><div class=\"fusion-column-wrapper\"><p style=\"text-align: left;\"><span style=\"font-family: 'Century Gothic Bold'; font-size: 18pt;\">r\u00e9servez en ligne avec confirmation imm\u00e9diate<\/span><\/p>\n<div class=\"fusion-sep-clear\"><\/div><div class=\"fusion-separator fusion-full-width-sep sep-single sep-dotted\" style=\"border-color:#e0dede;border-top-width:1px;margin-left: auto;margin-right: auto;margin-top:0px;margin-bottom:20px;\"><\/div><iframe title=\"Reservas\" src=\"https:\/\/www.covermanager.com\/reservation\/module_restaurant\/Bistro-guggenheim\/english\" frameborder=\"0\" height=\"575\" width=\"100%\"><\/iframe><\/div><\/div><div class=\"fusion-two-third fusion-layout-column fusion-column-last fusion-spacing-yes\" style=\"margin-top:30;margin-bottom:30;\"><div class=\"fusion-column-wrapper\"><p style=\"text-align: left;\"><span style=\"font-family: 'Century Gothic Bold'; font-size: 18pt;\">information de r\u00e9servation<\/span><\/p>\n<p>\u00a0<\/p>\n<div class=\"fusion-sep-clear\"><\/div><div class=\"fusion-separator fusion-full-width-sep sep-single sep-dotted\" style=\"border-color:#e0dede;border-top-width:1px;margin-left: auto;margin-right: auto;margin-top:0px;margin-bottom:20px;\"><\/div><p><span style=\"font-family: 'Century Gothic BRegular';\"><strong>Horaires:<\/strong><\/span><\/p>\n<p><span style=\"font-family: 'Century Gothic BRegular';\">Mardi, mercredi, jeudi et dimanche: 13h00 \u00e0 15h30<\/span><br \/>\n<span style=\"font-family: 'Century Gothic BRegular';\"> Vendredi et samedi: 13h00 \u00e0 15h30 \/ 20h00 \u00e0 21h30<br \/>\nLundi: ferm\u00e9<br \/>\n<\/span><\/p>\n<article class=\"text-token-text-primary w-full\" dir=\"auto\" data-testid=\"conversation-turn-8\" data-scroll-anchor=\"true\">\n<div class=\"text-base my-auto mx-auto pb-10 &#091;--thread-content-margin:--spacing(4)&#093; @&#091;37rem&#093;:&#091;--thread-content-margin:--spacing(6)&#093; @&#091;72rem&#093;:&#091;--thread-content-margin:--spacing(16)&#093; px-(--thread-content-margin)\">\n<div class=\"&#091;--thread-content-max-width:32rem&#093; @&#091;34rem&#093;:&#091;--thread-content-max-width:40rem&#093; @&#091;64rem&#093;:&#091;--thread-content-max-width:48rem&#093; mx-auto max-w-(--thread-content-max-width) flex-1 group\/turn-messages focus-visible:outline-hidden relative flex w-full min-w-0 flex-col agent-turn\" tabindex=\"-1\">\n<div class=\"flex max-w-full flex-col grow\">\n<div class=\"min-h-8 text-message relative flex w-full flex-col items-end gap-2 text-start break-words whitespace-normal &#091;.text-message+&amp;&#093;:mt-5\" dir=\"auto\" data-message-author-role=\"assistant\" data-message-id=\"a4e4156b-ff2b-4e20-9faa-73f444d07790\" data-message-model-slug=\"gpt-4o\">\n<div class=\"flex w-full flex-col gap-1 empty:hidden first:pt-&#091;3px&#093;\">\n<div class=\"markdown prose dark:prose-invert w-full break-words light\">\n<p data-start=\"0\" data-end=\"63\" data-is-last-node=\"\" data-is-only-node=\"\">Du 16 juin au 21 septembre, nous sommes ouverts tous les jours.<\/p>\n<\/div>\n<\/div>\n<\/div>\n<\/div>\n<div class=\"aria-live=polite absolute\">\n<div class=\"flex items-center justify-center\"><span class=\"flex items-center gap-1.5 select-none\"><span class=\"sr-only whitespace-nowrap! md:not-sr-only\">Preguntar a ChatGP<\/span><\/span><\/div>\n<\/div>\n<\/div>\n<\/div>\n<\/article>\n<p><span style=\"font-family: 'Century Gothic BRegular';\">Pour tout renseignement concernant votre r\u00e9servation, \u00e9crivez \u00e0 l&rsquo;adresse <a href=\"mailto:info@bistroguggenheimbilbao.com\" target=\"_blank\" rel=\"noopener\">info@bistroguggenheimbilbao.com<\/a>\u00a0ou t\u00e9l\u00e9phonez au\u00a0+34\u00a0944\u00a0239\u00a0333.<\/span><\/p>\n<p><span style=\"font-family: 'Century Gothic BRegular';\">Demandez nos menus de groupes.<br \/>\nSi vous r\u00e9servez une table sur la terrasse, nous nous r\u00e9servons le droit de vous attribuer une table \u00e0 l&rsquo;int\u00e9rieur en fonction du temps.<\/span><\/p>\n<\/div><\/div><div class=\"fusion-clearfix\"><\/div><\/div><\/div><div class=\"fusion-one-full fusion-layout-column fusion-column-last fusion-spacing-yes\" style=\"margin-top:0px;margin-bottom:20px;\"><div class=\"fusion-column-wrapper\"><div class=\"fusion-sep-clear\"><\/div><div class=\"fusion-separator fusion-full-width-sep sep-none\" style=\"border-color:#e0dede;margin-left: auto;margin-right: auto;margin-top:50px;\"><\/div><\/div><\/div><div class=\"fusion-clearfix\"><\/div>\n","protected":false},"excerpt":{"rendered":"","protected":false},"author":2,"featured_media":0,"parent":0,"menu_order":0,"comment_status":"open","ping_status":"closed","template":"100-width.php","meta":[],"_links":{"self":[{"href":"https:\/\/bistroguggenheimbilbao.com\/fr\/wp-json\/wp\/v2\/pages\/14757"}],"collection":[{"href":"https:\/\/bistroguggenheimbilbao.com\/fr\/wp-json\/wp\/v2\/pages"}],"about":[{"href":"https:\/\/bistroguggenheimbilbao.com\/fr\/wp-json\/wp\/v2\/types\/page"}],"author":[{"embeddable":true,"href":"https:\/\/bistroguggenheimbilbao.com\/fr\/wp-json\/wp\/v2\/users\/2"}],"replies":[{"embeddable":true,"href":"https:\/\/bistroguggenheimbilbao.com\/fr\/wp-json\/wp\/v2\/comments?post=14757"}],"version-history":[{"count":59,"href":"https:\/\/bistroguggenheimbilbao.com\/fr\/wp-json\/wp\/v2\/pages\/14757\/revisions"}],"predecessor-version":[{"id":16997,"href":"https:\/\/bistroguggenheimbilbao.com\/fr\/wp-json\/wp\/v2\/pages\/14757\/revisions\/16997"}],"wp:attachment":[{"href":"https:\/\/bistroguggenheimbilbao.com\/fr\/wp-json\/wp\/v2\/media?parent=14757"}],"curies":[{"name":"wp","href":"https:\/\/api.w.org\/{rel}","templated":true}]}}