{"id":15530,"date":"2018-07-18T15:41:41","date_gmt":"2018-07-18T15:41:41","guid":{"rendered":"http:\/\/www.bistroguggenheimbilbao.com\/?page_id=15530"},"modified":"2018-07-18T15:41:41","modified_gmt":"2018-07-18T15:41:41","slug":"aviso-legal","status":"publish","type":"page","link":"https:\/\/bistroguggenheimbilbao.com\/fr\/aviso-legal\/","title":{"rendered":"AVISO LEGAL"},"content":{"rendered":"<p><strong><u>Protection des donn\u00e9es<\/u><\/strong><\/p>\n<p><strong>Conform\u00e9ment aux dispositions du R\u00e8glement g\u00e9n\u00e9ral sur la protection des donn\u00e9es (RGPD), nous vous informons que les donn\u00e9es personnelles que vous nous avez fournies et dont ANDAMABI SL\/ HIRUKUNA SL est responsable, seront utilis\u00e9es pour vous fournir des informations, des produits ou des service aussi bien par la soci\u00e9t\u00e9 responsable du traitement des donn\u00e9es que par les soci\u00e9t\u00e9s appartenant \u00e0 son m\u00eame groupe d&rsquo;activit\u00e9 jusqu&rsquo;\u00e0 ce que vous demandiez sa suppression. Vous pouvez exercer les droits pr\u00e9vus dans la r\u00e9glementation, l&rsquo;acc\u00e8s, la rectification, la suppression, l\u00b4opposition, la limitation du traitement ou la portabilit\u00e9 des donn\u00e9es en envoyant un e-mail \u00e0: <u>responsablelopd@bistroguggenheimbilbao.com<\/u><\/strong><\/p>\n<p><strong>Si vous souhaitez plus d&rsquo;informations, vous pouvez consulter notre notice l\u00e9gale.<\/strong><\/p>\n<p><strong>\u00a0<\/strong><\/p>\n<p><strong><u>Politique de PROTECTION DES DONN\u00c9ES<\/u><\/strong><\/p>\n<p>Le principal objectif de la page Web www.bistroguggenheimbilbao.com\u00a0est d\u2019informer sur les services et les produits de ANDAMABI SL.<\/p>\n<p>ANDAMABI SL assume les obligations l\u00e9gales en mati\u00e8re de protection des donn\u00e9es \u00e0 caract\u00e8re personnelle \u00e9nonc\u00e9es dans le r\u00e8glement 2016\/679 du Parlement europ\u00e9en et du Conseil du 27 avril 2016 relatif \u00e0 la protection des personnes physiques \u00e0 l&rsquo;\u00e9gard du traitement des donn\u00e9es \u00e0 caract\u00e8re personnel et \u00e0 la libre circulation de ces donn\u00e9es.<\/p>\n<p><strong>Responsable du traitement des donn\u00e9es<\/strong><\/p>\n<p>ANDAMABI SL souhaite que l&rsquo;utilisateur dispose de l&rsquo;information appropri\u00e9e pour d\u00e9cider express\u00e9ment, librement et de fa\u00e7on volontaire s&rsquo;il d\u00e9sire fournir ses donn\u00e9es de la fa\u00e7on requise.<\/p>\n<p>C&rsquo;est pourquoi l&rsquo;utilisateur est inform\u00e9\u00a0que ANDAMABI SL, entreprise domicili\u00e9e au Abandoibarra Av. 2, Bilbao (courriel\u00a0:<u> <a href=\"mailto:responsablelopd@bistroguggenheimbilbao.com\">responsablelopd@bistroguggenheimbilbao.com<\/a><\/u>) est responsable du traitement des donn\u00e9es collect\u00e9es ainsi que les entreprises qui appartiennent au m\u00eame groupe d\u00b4activit\u00e9.<\/p>\n<p>ANDAMABI SL informe qu&rsquo;elle est responsable du traitement des donn\u00e9es, sans que cela puisse charger une tierce personne de la gestion du traitement des donn\u00e9es, ce \u00e0 quoi les utilisateurs donnent leur consentement expr\u00e8s.<\/p>\n<p>Seulement les employ\u00e9s ayant besoin d&rsquo;utiliser les donn\u00e9es des utilisateurs pour r\u00e9aliser leur travail y ont acc\u00e8s. Tout employ\u00e9 allant \u00e0 l&rsquo;encontre de nos politiques de protection de donn\u00e9es et\/ou de s\u00e9curit\u00e9 devra se plier \u00e0 des actions disciplinaires, et pourra \u00e9ventuellement faire l&rsquo;objet de renvoi ou devoir se r\u00e9pondre \u00e0 des actions civiles et\/ou p\u00e9nales.<\/p>\n<p><strong>Finalit\u00e9 du traitement des donn\u00e9es<\/strong><\/p>\n<p>La collecte et un traitement des donn\u00e9es ont pour but:<\/p>\n<ol>\n<li>G\u00e9rer correctement les caract\u00e9ristiques du service demand\u00e9 par les utilisateurs.<\/li>\n<li>Conna\u00eetre statistiquement la participation des utilisateurs.<\/li>\n<li>Informer l&rsquo;utilisateur des informations et de l&rsquo;existence des produits et services de ANDAMABI SL et\/ou d&rsquo;autres entreprises collaboratrices.<\/li>\n<li>G\u00e9rer leur participation aux processus de s\u00e9lection du personnel ou de proposition de projet<\/li>\n<\/ol>\n<p>Sauf mention contraire, les donn\u00e9es recueillies sur les formulaires sont n\u00e9cessaires et obligatoires pour pouvoir avoir acc\u00e8s aux services du site Web ou de la section de la page Web correspondante. ANDAMABI SL ne pourra pas enregistrer les personnes qui ne fourniront pas les donn\u00e9es \u00e0 caract\u00e8re obligatoire.<\/p>\n<p>L&rsquo;utilisateur doit remplir les formulaires avec des donn\u00e9es authentiques, exactes et compl\u00e8tes, r\u00e9pondant ainsi aux dommages qu&rsquo;elles pourraient occasionner en cas d&rsquo;erreur, de donn\u00e9es fausses, inexactes, incompl\u00e8tes ou non actualis\u00e9es.<\/p>\n<p>ANDAMABI SL s&rsquo;engage \u00e9galement \u00e0 respecter l&rsquo;obligation de secret quant aux donn\u00e9es contenues dans le fichier automatis\u00e9 comme \u00e9tabli dans la l\u00e9gislation en\u00a0vigueur.<\/p>\n<p><strong>Droits des usagers<\/strong><\/p>\n<p>La personne int\u00e9ress\u00e9e ou son repr\u00e9sentant, ainsi que ses parents ou tuteurs, pourront exercer \u00e0 tout moment le droit d&rsquo;acc\u00e8s, de rectification, d&rsquo;annulation, opposition, limitation du traitement ou portabilit\u00e9 des donn\u00e9es\u00a0en adressant un courrier \u00e9crit \u00e0 ANDAMABI SL aux adresses indiqu\u00e9es auparavant et en accr\u00e9ditant l&rsquo;identit\u00e9 de l&rsquo;utilisateur ; \u00e0 travers son propre site Web par une communication envoy\u00e9e \u00e0 l\u2019adresse <u><a href=\"mailto:responsablelopd@bistroguggenheimbilbao.com\">responsablelopd@bistroguggenheimbilbao.com<\/a><\/u>,\u00a0 en joignant dans tous les cas, un document qui prouve leur identit\u00e9 et le droit que vous souhaitez exercer.<\/p>\n<p><strong>P\u00e9riode de conservation des donn\u00e9es<\/strong><\/p>\n<p>Les donn\u00e9es personnelles seront conserv\u00e9es selon les crit\u00e8res de la finalit\u00e9 du traitement des donn\u00e9es et jusqu&rsquo;\u00e0 ce que leur suppression soit demand\u00e9e par l&rsquo;int\u00e9ress\u00e9.<\/p>\n","protected":false},"excerpt":{"rendered":"<p>Protection des donn\u00e9es Conform\u00e9ment aux dispositions du R\u00e8glement g\u00e9n\u00e9ral sur la protection des donn\u00e9es (RGPD), nous vous informons que les donn\u00e9es personnelles que vous nous avez fournies et dont ANDAMABI SL\/ HIRUKUNA SL est responsable, seront utilis\u00e9es pour vous fournir des informations, des produits ou des service aussi bien par la soci\u00e9t\u00e9 responsable du traitement [&hellip;]<\/p>\n","protected":false},"author":2,"featured_media":0,"parent":0,"menu_order":0,"comment_status":"open","ping_status":"open","template":"","meta":[],"_links":{"self":[{"href":"https:\/\/bistroguggenheimbilbao.com\/fr\/wp-json\/wp\/v2\/pages\/15530"}],"collection":[{"href":"https:\/\/bistroguggenheimbilbao.com\/fr\/wp-json\/wp\/v2\/pages"}],"about":[{"href":"https:\/\/bistroguggenheimbilbao.com\/fr\/wp-json\/wp\/v2\/types\/page"}],"author":[{"embeddable":true,"href":"https:\/\/bistroguggenheimbilbao.com\/fr\/wp-json\/wp\/v2\/users\/2"}],"replies":[{"embeddable":true,"href":"https:\/\/bistroguggenheimbilbao.com\/fr\/wp-json\/wp\/v2\/comments?post=15530"}],"version-history":[{"count":1,"href":"https:\/\/bistroguggenheimbilbao.com\/fr\/wp-json\/wp\/v2\/pages\/15530\/revisions"}],"predecessor-version":[{"id":15531,"href":"https:\/\/bistroguggenheimbilbao.com\/fr\/wp-json\/wp\/v2\/pages\/15530\/revisions\/15531"}],"wp:attachment":[{"href":"https:\/\/bistroguggenheimbilbao.com\/fr\/wp-json\/wp\/v2\/media?parent=15530"}],"curies":[{"name":"wp","href":"https:\/\/api.w.org\/{rel}","templated":true}]}}