{"id":15573,"date":"2018-10-16T14:47:58","date_gmt":"2018-10-16T14:47:58","guid":{"rendered":"http:\/\/www.bistroguggenheimbilbao.com\/?page_id=15573"},"modified":"2024-07-10T11:08:04","modified_gmt":"2024-07-10T11:08:04","slug":"cadeau","status":"publish","type":"page","link":"https:\/\/bistroguggenheimbilbao.com\/fr\/cadeau\/","title":{"rendered":"Cadeau"},"content":{"rendered":"<p>Bistr\u00f3 Guggenheim Bilbao vous offre la possibilit\u00e9 de faire un cadeau sp\u00e9cial et diff\u00e9rent: des recettes traditionnelles adapt\u00e9es \u00e0 un espace avant-gardiste con\u00e7u par Frank Gehry.<\/p>\n<p><script type=\"text\/javascript\" src=\"https:\/\/www.covermanager.com\/js\/iframeResizer.min.js\"><\/script><iframe loading=\"lazy\" title=\"Reservas\" src=\"https:\/\/www.covermanager.com\/eco\/buy_products\/Bistro-guggenheim\/french\" frameborder=\"0\" height=\"550\" width=\"100%\" onload=\"iFrameResize();\"><\/iframe><\/p>\n","protected":false},"excerpt":{"rendered":"<p>Bistr\u00f3 Guggenheim Bilbao vous offre la possibilit\u00e9 de faire un cadeau sp\u00e9cial et diff\u00e9rent: des recettes traditionnelles adapt\u00e9es \u00e0 un espace avant-gardiste con\u00e7u par Frank Gehry.<\/p>\n","protected":false},"author":2,"featured_media":0,"parent":0,"menu_order":0,"comment_status":"open","ping_status":"open","template":"","meta":[],"_links":{"self":[{"href":"https:\/\/bistroguggenheimbilbao.com\/fr\/wp-json\/wp\/v2\/pages\/15573"}],"collection":[{"href":"https:\/\/bistroguggenheimbilbao.com\/fr\/wp-json\/wp\/v2\/pages"}],"about":[{"href":"https:\/\/bistroguggenheimbilbao.com\/fr\/wp-json\/wp\/v2\/types\/page"}],"author":[{"embeddable":true,"href":"https:\/\/bistroguggenheimbilbao.com\/fr\/wp-json\/wp\/v2\/users\/2"}],"replies":[{"embeddable":true,"href":"https:\/\/bistroguggenheimbilbao.com\/fr\/wp-json\/wp\/v2\/comments?post=15573"}],"version-history":[{"count":4,"href":"https:\/\/bistroguggenheimbilbao.com\/fr\/wp-json\/wp\/v2\/pages\/15573\/revisions"}],"predecessor-version":[{"id":16830,"href":"https:\/\/bistroguggenheimbilbao.com\/fr\/wp-json\/wp\/v2\/pages\/15573\/revisions\/16830"}],"wp:attachment":[{"href":"https:\/\/bistroguggenheimbilbao.com\/fr\/wp-json\/wp\/v2\/media?parent=15573"}],"curies":[{"name":"wp","href":"https:\/\/api.w.org\/{rel}","templated":true}]}}